{"id":3230,"date":"2023-03-10T10:41:33","date_gmt":"2023-03-10T09:41:33","guid":{"rendered":"https:\/\/pitbike-store.at\/?post_type=product&#038;p=3230"},"modified":"2024-04-10T09:41:17","modified_gmt":"2024-04-10T07:41:17","slug":"aytron-xtrema-superlegera","status":"publish","type":"product","link":"https:\/\/pitbike-store.at\/?product=aytron-xtrema-superlegera","title":{"rendered":"Aytron Xtrema Superlegera"},"content":{"rendered":"<p>Extrem steifer und sehr leichter ABNEHMbarer ALS450-Rahmen, der mit einem revolution\u00e4ren Kupplungs- \/ Entkopplungssystem f\u00fcr den Aufbau (Verkleidungskit + Sattel + Tank) ausgestattet ist, das durch Abschrauben von nur 4 Pins in wenigen Sekunden vollst\u00e4ndig entfernt wird, ohne jemals die Verkleidungen, den Sattel und den Tank bei jeder Wartung zu entfernen.<\/p>\n<p>SWINGARM aus Kastenaluminium (von DM-Webst\u00fchlen) mit harter Oxidation ultraleicht FACTORY 2022 Evolution mit h\u00f6herem und schmalerem Profil aus CNC-Aluminium (erh\u00f6ht Traktion und Stabilit\u00e4t mit revolution\u00e4rem Angriff in erh\u00f6hter Position Einzelsto\u00dfd\u00e4mpferversion HIGH FLUID SMOOTHING (revolution\u00e4res System zur Optimierung der hydraulischen Arbeitspr\u00e4zision des einzelnen Sto\u00dfd\u00e4mpfers)<\/p>\n<p>LENKPLATTEN, die aus massivem CNC-Aluminium-oxidiertem Hart bearbeitet wurden, wurden f\u00fcr die beste Leistung neu entworfen und neu gestaltet.<\/p>\n<p>NEUE SUPERLEICHTE R\u00c4DER mit 3 professionellen ULTRALEICHTL\u00d6CHERN, das italienische BREMSSYSTEM (8.1 + BREMSEN + ACCOSSATO) oder komplette FORMULA, der neue italienische Auspuff LM EXHAUST R8, der japanische Vergaser MIKUNI VM 26, das italienische OMED RACING Getriebe und auch der Bau des motorrad made in Italy durch qualifiziertes Personal macht die AYRTON XTREMA Pitbikes zu den besten und leistungsst\u00e4rksten Pitbikes in Europa. Aufrechterhaltung eines unglaublichen Preis-Leistungs-Verh\u00e4ltnisses und zweifellos un\u00fcbertroffen auf dem Markt.<\/p>\n<p>&nbsp;<\/p>\n<p><strong>\u00a0MOTOR<\/strong><\/p>\n<p>&#8211; MOTOR: GPX ZONGHSHEN 155cc OIL FILTER 2.0 Version 2022 X10 (LATEST EVOLUTIONARY SERIES), 4-Takt, 2-Ventil mit \u00d6lk\u00fchlung \u00fcber \u00fcbergro\u00dfen Lamellenk\u00fchler.<\/p>\n<p>&#8211; Interner \u00d6lfilter, direkter Zugang zur Kupplung, \u00d6lstandsschauglas<\/p>\n<p>&#8211; Bohrung und Hub 60&#215;55<\/p>\n<p>&#8211; Verdichtungsverh\u00e4ltnis 9,6:1<\/p>\n<p>&#8211; Von der Muttergesellschaft angegebene Leistung 16Cv \/ 9.500 U\/min<\/p>\n<p>&#8211; 4-Gang-Schaltgetriebe (N1234)<\/p>\n<p>&#8211; Motorstart mit eingelegtem Gang.<\/p>\n<p>&#8211; Kupplung im \u00d6lbad mit 6 verst\u00e4rkten Scheiben mit Zugang vom Au\u00dfengeh\u00e4use<\/p>\n<p>Die installierte ZS 155 ENGINE ist die NEUESTE EVOLUTIONSSERIE.<\/p>\n<p>&nbsp;<\/p>\n<p><strong>&#8211; HEIZK\u00d6RPER<\/strong><\/p>\n<p>CDR Lamellenheizk\u00f6rper Made in Italy<\/p>\n<p>Oder<\/p>\n<p>CrazyMonkey \u00fcbergro\u00dfer Lamellenheizk\u00f6rper (opt) Made in Italy<\/p>\n<p>Luftfahrtgeflochtene \u00d6lschl\u00e4uche, die f\u00fcr europ\u00e4ische Rennen zugelassen sind, mit Titan-\u00d6lstiften, die f\u00fcr die Sicherheitsbindung im Rennen gebohrt wurden.<\/p>\n<p>&nbsp;<\/p>\n<p><strong>&#8211; ELEKTRONISCHE Z\u00dcNDUNG:<\/strong><\/p>\n<p>ROTOR &#8222;mittel&#8220; leicht 4-polig advanced Modell 2022 DAYTONA Typ mit langem Magnet und gro\u00dfer elektronischer Steuereinheit<\/p>\n<p>&nbsp;<\/p>\n<p><strong>&#8211; VERGASER:<\/strong><\/p>\n<p>MIKUNI VM26 ORIGINAL MADE IN JAPAN<\/p>\n<p><strong>&#8211; VERGASERKR\u00dcMMER<\/strong><\/p>\n<p>AYRTON \/ OMED Racing in CNC-gefr\u00e4st aus Feststoff in jedem Detail vom Ayrton corse Team studiert. 100% Made in Italy Design mit Gummiflansch verst\u00e4rkt mit gewebter Faser.<\/p>\n<p>&#8211; SPOOL RACE Leistung<\/p>\n<p>&#8211; RAPIDO GAS Domino racing Made in Italy aus Aluminium.<\/p>\n<p>&#8211; LUFTFILTER Marchald Filter. Hergestellt in Italien<\/p>\n<p>&nbsp;<\/p>\n<p><strong>ABGASGRUPPE<\/strong><\/p>\n<p>&nbsp;<\/p>\n<p>&#8211; AUSPUFFKR\u00dcMMER:<\/p>\n<p>LM Auspuffrennen mit POWER BOMB in STAHL (EDELSTAHL) AISI 304 mit TIG-Schwei\u00dfen. HERGESTELLT IN ITALIEN<\/p>\n<p>&#8211; AUSPUFFSCHALLD\u00c4MPFER:<\/p>\n<p>LM R8 in STAHL (EDELSTAHL) AISI 304 mit WIG-Schwei\u00dfen mit Carbon-Ende BOTTOM. HERGESTELLT IN ITALIEN<\/p>\n<p>&nbsp;<\/p>\n<p><strong>FAHRGESTELL<\/strong><\/p>\n<p>&#8211; RAHMEN EVOLUTION 2022<\/p>\n<p>exklusiv f\u00fcr die motard, PERIMETER Spalierstruktur aus ALS-Stahl entwickelt<\/p>\n","protected":false},"excerpt":{"rendered":"<p>Extrem steifer und sehr leichter ABNEHMbarer ALS450-Rahmen, der mit einem revolution\u00e4ren Kupplungs- \/ Entkopplungssystem f\u00fcr den Aufbau (Verkleidungskit + Sattel + Tank) ausgestattet ist, das durch Abschrauben von nur 4 Pins in wenigen Sekunden vollst\u00e4ndig entfernt wird, ohne jemals die Verkleidungen, den Sattel und den Tank bei jeder Wartung zu entfernen. SWINGARM aus Kastenaluminium (von&#8230;<\/p>\n","protected":false},"featured_media":3234,"template":"","meta":[],"product_brand":[],"product_cat":[16],"product_tag":[],"class_list":{"0":"post-3230","1":"product","2":"type-product","3":"status-publish","4":"has-post-thumbnail","6":"product_cat-uncategorized","8":"first","9":"instock","10":"taxable","11":"shipping-taxable","12":"purchasable","13":"product-type-simple"},"yoast_head":"<!-- This site is optimized with the Yoast SEO plugin v27.4 - https:\/\/yoast.com\/product\/yoast-seo-wordpress\/ -->\n<title>Aytron Xtrema Superlegera - Pitbike Store<\/title>\n<meta name=\"robots\" content=\"index, follow, max-snippet:-1, max-image-preview:large, max-video-preview:-1\" \/>\n<link rel=\"canonical\" href=\"https:\/\/pitbike-store.at\/?product=aytron-xtrema-superlegera\" \/>\n<meta property=\"og:locale\" content=\"de_DE\" \/>\n<meta property=\"og:type\" content=\"article\" \/>\n<meta property=\"og:title\" content=\"Aytron Xtrema Superlegera - Pitbike Store\" \/>\n<meta property=\"og:description\" content=\"Extrem steifer und sehr leichter ABNEHMbarer ALS450-Rahmen, der mit einem revolution\u00e4ren Kupplungs- \/ Entkopplungssystem f\u00fcr den Aufbau (Verkleidungskit + Sattel + Tank) ausgestattet ist, das durch Abschrauben von nur 4 Pins in wenigen Sekunden vollst\u00e4ndig entfernt wird, ohne jemals die Verkleidungen, den Sattel und den Tank bei jeder Wartung zu entfernen. SWINGARM aus Kastenaluminium (von...\" \/>\n<meta property=\"og:url\" content=\"https:\/\/pitbike-store.at\/?product=aytron-xtrema-superlegera\" \/>\n<meta property=\"og:site_name\" content=\"Pitbike Store\" \/>\n<meta property=\"article:modified_time\" content=\"2024-04-10T07:41:17+00:00\" \/>\n<meta property=\"og:image\" content=\"https:\/\/pitbike-store.at\/wp-content\/uploads\/2023\/03\/DSC07628-copia-2-1024x683.jpg\" \/>\n\t<meta property=\"og:image:width\" content=\"1024\" \/>\n\t<meta property=\"og:image:height\" content=\"683\" \/>\n\t<meta property=\"og:image:type\" content=\"image\/jpeg\" \/>\n<meta name=\"twitter:card\" content=\"summary_large_image\" \/>\n<meta name=\"twitter:label1\" content=\"Gesch\u00e4tzte Lesezeit\" \/>\n\t<meta name=\"twitter:data1\" content=\"2\u00a0Minuten\" \/>\n<script type=\"application\/ld+json\" class=\"yoast-schema-graph\">{\"@context\":\"https:\\\/\\\/schema.org\",\"@graph\":[{\"@type\":\"WebPage\",\"@id\":\"https:\\\/\\\/pitbike-store.at\\\/?product=aytron-xtrema-superlegera\",\"url\":\"https:\\\/\\\/pitbike-store.at\\\/?product=aytron-xtrema-superlegera\",\"name\":\"Aytron Xtrema Superlegera - Pitbike Store\",\"isPartOf\":{\"@id\":\"https:\\\/\\\/pitbike-store.at\\\/#website\"},\"primaryImageOfPage\":{\"@id\":\"https:\\\/\\\/pitbike-store.at\\\/?product=aytron-xtrema-superlegera#primaryimage\"},\"image\":{\"@id\":\"https:\\\/\\\/pitbike-store.at\\\/?product=aytron-xtrema-superlegera#primaryimage\"},\"thumbnailUrl\":\"https:\\\/\\\/pitbike-store.at\\\/wp-content\\\/uploads\\\/2023\\\/03\\\/DSC07628-copia-2.jpg\",\"datePublished\":\"2023-03-10T09:41:33+00:00\",\"dateModified\":\"2024-04-10T07:41:17+00:00\",\"breadcrumb\":{\"@id\":\"https:\\\/\\\/pitbike-store.at\\\/?product=aytron-xtrema-superlegera#breadcrumb\"},\"inLanguage\":\"de\",\"potentialAction\":[{\"@type\":\"ReadAction\",\"target\":[\"https:\\\/\\\/pitbike-store.at\\\/?product=aytron-xtrema-superlegera\"]}]},{\"@type\":\"ImageObject\",\"inLanguage\":\"de\",\"@id\":\"https:\\\/\\\/pitbike-store.at\\\/?product=aytron-xtrema-superlegera#primaryimage\",\"url\":\"https:\\\/\\\/pitbike-store.at\\\/wp-content\\\/uploads\\\/2023\\\/03\\\/DSC07628-copia-2.jpg\",\"contentUrl\":\"https:\\\/\\\/pitbike-store.at\\\/wp-content\\\/uploads\\\/2023\\\/03\\\/DSC07628-copia-2.jpg\",\"width\":1920,\"height\":1280},{\"@type\":\"BreadcrumbList\",\"@id\":\"https:\\\/\\\/pitbike-store.at\\\/?product=aytron-xtrema-superlegera#breadcrumb\",\"itemListElement\":[{\"@type\":\"ListItem\",\"position\":1,\"name\":\"Startseite\",\"item\":\"https:\\\/\\\/pitbike-store.at\\\/\"},{\"@type\":\"ListItem\",\"position\":2,\"name\":\"Shop\",\"item\":\"https:\\\/\\\/pitbike-store.at\\\/?page_id=10\"},{\"@type\":\"ListItem\",\"position\":3,\"name\":\"Aytron Xtrema Superlegera\"}]},{\"@type\":\"WebSite\",\"@id\":\"https:\\\/\\\/pitbike-store.at\\\/#website\",\"url\":\"https:\\\/\\\/pitbike-store.at\\\/\",\"name\":\"Pitbike Store\",\"description\":\"\",\"publisher\":{\"@id\":\"https:\\\/\\\/pitbike-store.at\\\/#organization\"},\"potentialAction\":[{\"@type\":\"SearchAction\",\"target\":{\"@type\":\"EntryPoint\",\"urlTemplate\":\"https:\\\/\\\/pitbike-store.at\\\/?s={search_term_string}\"},\"query-input\":{\"@type\":\"PropertyValueSpecification\",\"valueRequired\":true,\"valueName\":\"search_term_string\"}}],\"inLanguage\":\"de\"},{\"@type\":\"Organization\",\"@id\":\"https:\\\/\\\/pitbike-store.at\\\/#organization\",\"name\":\"Pitbike Store\",\"url\":\"https:\\\/\\\/pitbike-store.at\\\/\",\"logo\":{\"@type\":\"ImageObject\",\"inLanguage\":\"de\",\"@id\":\"https:\\\/\\\/pitbike-store.at\\\/#\\\/schema\\\/logo\\\/image\\\/\",\"url\":\"https:\\\/\\\/pitbike-store.at\\\/wp-content\\\/uploads\\\/2023\\\/02\\\/image-2.png\",\"contentUrl\":\"https:\\\/\\\/pitbike-store.at\\\/wp-content\\\/uploads\\\/2023\\\/02\\\/image-2.png\",\"width\":591,\"height\":205,\"caption\":\"Pitbike Store\"},\"image\":{\"@id\":\"https:\\\/\\\/pitbike-store.at\\\/#\\\/schema\\\/logo\\\/image\\\/\"}}]}<\/script>\n<!-- \/ Yoast SEO plugin. -->","yoast_head_json":{"title":"Aytron Xtrema Superlegera - Pitbike Store","robots":{"index":"index","follow":"follow","max-snippet":"max-snippet:-1","max-image-preview":"max-image-preview:large","max-video-preview":"max-video-preview:-1"},"canonical":"https:\/\/pitbike-store.at\/?product=aytron-xtrema-superlegera","og_locale":"de_DE","og_type":"article","og_title":"Aytron Xtrema Superlegera - Pitbike Store","og_description":"Extrem steifer und sehr leichter ABNEHMbarer ALS450-Rahmen, der mit einem revolution\u00e4ren Kupplungs- \/ Entkopplungssystem f\u00fcr den Aufbau (Verkleidungskit + Sattel + Tank) ausgestattet ist, das durch Abschrauben von nur 4 Pins in wenigen Sekunden vollst\u00e4ndig entfernt wird, ohne jemals die Verkleidungen, den Sattel und den Tank bei jeder Wartung zu entfernen. SWINGARM aus Kastenaluminium (von...","og_url":"https:\/\/pitbike-store.at\/?product=aytron-xtrema-superlegera","og_site_name":"Pitbike Store","article_modified_time":"2024-04-10T07:41:17+00:00","og_image":[{"width":1024,"height":683,"url":"https:\/\/pitbike-store.at\/wp-content\/uploads\/2023\/03\/DSC07628-copia-2-1024x683.jpg","type":"image\/jpeg"}],"twitter_card":"summary_large_image","twitter_misc":{"Gesch\u00e4tzte Lesezeit":"2\u00a0Minuten"},"schema":{"@context":"https:\/\/schema.org","@graph":[{"@type":"WebPage","@id":"https:\/\/pitbike-store.at\/?product=aytron-xtrema-superlegera","url":"https:\/\/pitbike-store.at\/?product=aytron-xtrema-superlegera","name":"Aytron Xtrema Superlegera - Pitbike Store","isPartOf":{"@id":"https:\/\/pitbike-store.at\/#website"},"primaryImageOfPage":{"@id":"https:\/\/pitbike-store.at\/?product=aytron-xtrema-superlegera#primaryimage"},"image":{"@id":"https:\/\/pitbike-store.at\/?product=aytron-xtrema-superlegera#primaryimage"},"thumbnailUrl":"https:\/\/pitbike-store.at\/wp-content\/uploads\/2023\/03\/DSC07628-copia-2.jpg","datePublished":"2023-03-10T09:41:33+00:00","dateModified":"2024-04-10T07:41:17+00:00","breadcrumb":{"@id":"https:\/\/pitbike-store.at\/?product=aytron-xtrema-superlegera#breadcrumb"},"inLanguage":"de","potentialAction":[{"@type":"ReadAction","target":["https:\/\/pitbike-store.at\/?product=aytron-xtrema-superlegera"]}]},{"@type":"ImageObject","inLanguage":"de","@id":"https:\/\/pitbike-store.at\/?product=aytron-xtrema-superlegera#primaryimage","url":"https:\/\/pitbike-store.at\/wp-content\/uploads\/2023\/03\/DSC07628-copia-2.jpg","contentUrl":"https:\/\/pitbike-store.at\/wp-content\/uploads\/2023\/03\/DSC07628-copia-2.jpg","width":1920,"height":1280},{"@type":"BreadcrumbList","@id":"https:\/\/pitbike-store.at\/?product=aytron-xtrema-superlegera#breadcrumb","itemListElement":[{"@type":"ListItem","position":1,"name":"Startseite","item":"https:\/\/pitbike-store.at\/"},{"@type":"ListItem","position":2,"name":"Shop","item":"https:\/\/pitbike-store.at\/?page_id=10"},{"@type":"ListItem","position":3,"name":"Aytron Xtrema Superlegera"}]},{"@type":"WebSite","@id":"https:\/\/pitbike-store.at\/#website","url":"https:\/\/pitbike-store.at\/","name":"Pitbike Store","description":"","publisher":{"@id":"https:\/\/pitbike-store.at\/#organization"},"potentialAction":[{"@type":"SearchAction","target":{"@type":"EntryPoint","urlTemplate":"https:\/\/pitbike-store.at\/?s={search_term_string}"},"query-input":{"@type":"PropertyValueSpecification","valueRequired":true,"valueName":"search_term_string"}}],"inLanguage":"de"},{"@type":"Organization","@id":"https:\/\/pitbike-store.at\/#organization","name":"Pitbike Store","url":"https:\/\/pitbike-store.at\/","logo":{"@type":"ImageObject","inLanguage":"de","@id":"https:\/\/pitbike-store.at\/#\/schema\/logo\/image\/","url":"https:\/\/pitbike-store.at\/wp-content\/uploads\/2023\/02\/image-2.png","contentUrl":"https:\/\/pitbike-store.at\/wp-content\/uploads\/2023\/02\/image-2.png","width":591,"height":205,"caption":"Pitbike Store"},"image":{"@id":"https:\/\/pitbike-store.at\/#\/schema\/logo\/image\/"}}]}},"_links":{"self":[{"href":"https:\/\/pitbike-store.at\/index.php?rest_route=\/wp\/v2\/product\/3230","targetHints":{"allow":["GET"]}}],"collection":[{"href":"https:\/\/pitbike-store.at\/index.php?rest_route=\/wp\/v2\/product"}],"about":[{"href":"https:\/\/pitbike-store.at\/index.php?rest_route=\/wp\/v2\/types\/product"}],"wp:featuredmedia":[{"embeddable":true,"href":"https:\/\/pitbike-store.at\/index.php?rest_route=\/wp\/v2\/media\/3234"}],"wp:attachment":[{"href":"https:\/\/pitbike-store.at\/index.php?rest_route=%2Fwp%2Fv2%2Fmedia&parent=3230"}],"wp:term":[{"taxonomy":"product_brand","embeddable":true,"href":"https:\/\/pitbike-store.at\/index.php?rest_route=%2Fwp%2Fv2%2Fproduct_brand&post=3230"},{"taxonomy":"product_cat","embeddable":true,"href":"https:\/\/pitbike-store.at\/index.php?rest_route=%2Fwp%2Fv2%2Fproduct_cat&post=3230"},{"taxonomy":"product_tag","embeddable":true,"href":"https:\/\/pitbike-store.at\/index.php?rest_route=%2Fwp%2Fv2%2Fproduct_tag&post=3230"}],"curies":[{"name":"wp","href":"https:\/\/api.w.org\/{rel}","templated":true}]}}