{"id":3178,"date":"2023-03-10T10:31:51","date_gmt":"2023-03-10T09:31:51","guid":{"rendered":"https:\/\/pitbike-store.at\/?post_type=product&#038;p=3178"},"modified":"2024-04-10T09:39:07","modified_gmt":"2024-04-10T07:39:07","slug":"aytron-xtrema-pro","status":"publish","type":"product","link":"https:\/\/pitbike-store.at\/?product=aytron-xtrema-pro","title":{"rendered":"Aytron Xtrema PRO"},"content":{"rendered":"<p>MOTOR &#8211; MOTOR: GPX ZONGHSHEN 155 cc \u00d6LFILTER 2.0 Version 2020 X9 (LAST EVOLUTIVE SERIE), 4-Takt, 2 Ventile mit \u00d6lk\u00fchlung durch Lamellenk\u00fchler. &#8211; Interner \u00d6lfilter, direkter Zugang zur Kupplung, \u00d6lstandschauglas &#8211; Bohrung und Hub 60&#215;55 &#8211; Verdichtungsverh\u00e4ltnis 9,6:1 &#8211; Vom Hersteller angegebene Leistung 16Cv\/9.500 Umdrehungen &#8211; 4-Gang-Schaltgetriebe (N1234) &#8211; Starten des Motors mit eingelegtem Gang. &#8211; Kupplung Im \u00d6lbad mit 6 verst\u00e4rkten Scheiben mit Zugang vom Au\u00dfengeh\u00e4use.<\/p>\n<p>&nbsp;<\/p>\n<p>Der installierte Motor ZS 155 ist die letzte EVOLUTION\u00c4RSERIE. &#8211; RADIATOR mit erh\u00f6htem Lamellenwirkungsgrad und hoher Ableitf\u00e4higkeit, ausgestattet mit geflochtenen Hochdruckschl\u00e4uchen f\u00fcr die Luftfahrt, die f\u00fcr europ\u00e4ische Rennen zugelassen sind.<\/p>\n<p>&nbsp;<\/p>\n<p>&#8211; ELEKTRONISCHE Z\u00dcNDUNG: Externe &#8222;mittel&#8220; leichte 4-polige Rotoren, fortschrittliches Modell 2020 DAYTONA Typ mit langem Magnet und gro\u00dfer elektronischer Steuereinheit.<\/p>\n<p>&nbsp;<\/p>\n<p>&#8211; MIKUNI MOLKT CARBURATOR, 2. Generation<\/p>\n<p>&nbsp;<\/p>\n<p>&#8211; RACE performance COIL<\/p>\n<p>&nbsp;<\/p>\n<p>&#8211; RAPID GAS aus eloxiertem Aluminium. TOP-Qualit\u00e4t<\/p>\n<p>&nbsp;<\/p>\n<p>EXHAUST GROUP &#8211; EXHAUST COLLECTOR aus EDELSTAHL (STAINLESS STEEL) AISI 304 mit WIG-Schwei\u00dfn\u00e4hten ohne jedes Material. Hitzeschildgeh\u00e4use aus EDELSTAHL AISI 304.<\/p>\n<p>&nbsp;<\/p>\n<p>&#8211; AYRTEK RACING&#8220; EXHAUST SILENCER in AISI 304 EDELSTAHL mit tig-geschwei\u00dften N\u00e4hten und ohne Materialabtrag. Geh\u00e4use aus Edelstahl AISI 304 mit f\u00fcnfeckiger Struktur und sandgestrahltem Stahl-Finish, um einen optischen Effekt im &#8222;TITAN-Look&#8220; zu erzielen.<\/p>\n<p>&nbsp;<\/p>\n<p>&#8211; ENDKAPPE mit Edelstahlnieten verankert.<\/p>\n<p>&nbsp;<\/p>\n<p>&#8211; Abnehmbarer DB-Killer, montierbar\/demontierbar in 1 Minute mittels eines Verriegelungsstifts Ankerband aus rostfreiem Stahl, das mit Gummi \u00fcberzogen ist, um eine hohe Widerstandsf\u00e4higkeit gegen Vibrationen und mechanische Belastungen zu gew\u00e4hrleisten.<\/p>\n<p>&nbsp;<\/p>\n<p>CYCLISTS &#8211; EVOLUTION 2021 RAHMEN exklusiv f\u00fcr Motard entwickelt, PERIMETRISCHE Gitterstruktur aus ALS 450 HIGH STRENGTH Stahl + S700MC STRENX Platten. IN ITALIEN GEFERTIGT<\/p>\n<p>&nbsp;<\/p>\n<p>&#8211; ALS450 Stahlrahmen + S700MC STRENX-Platten mit revolution\u00e4rem Quickfit-System. MADE IN ITALY.\u00a0 \u00a0Dieses System erlaubt es, durch das L\u00f6sen von nur 5 Stiften, die gesamte Verkleidung (kompletter Kunststoffsatz, Tanksitz und Rahmen) in 1 Minute sofort zu demontieren, was eine sehr schnelle Wartung w\u00e4hrend des Rennens erm\u00f6glicht.<\/p>\n<p>&nbsp;<\/p>\n<p>&#8211; CNC-gefr\u00e4ste Hinterradgabel aus 7020 T6 ALUMINIUM mit harter Oxidationsbehandlung. Ausgestattet (OPZ) mit 4 austauschbaren Bl\u00f6cken in Aluminium 7020 T6 CNC-gefr\u00e4st f\u00fcr Angriff Monoshock (variiert die Inzidenz der Monoshock und seine Neigung).<\/p>\n<p>&nbsp;<\/p>\n<p>&#8211; CNC-gefr\u00e4ste 7075 T6 Aluminium-Lenkplatten, komplett aus dem Vollen gefr\u00e4st mit 6 Befestigungsstiften f\u00fcr jede Gabel. Gro\u00dfe strukturelle Steifigkeit und Leichtigkeit dank der seitlichen CNC-gefr\u00e4sten &#8222;Augen&#8220;-Form.<\/p>\n<p>&nbsp;<\/p>\n<p>&#8211; Ultraflache 28 mm CNC-gefr\u00e4ste 7075 T6-Aluminium-Lenkeraufs\u00e4tze.<\/p>\n<p>&nbsp;<\/p>\n<p>&#8211; CALIBRATED CALIBRATED HARM PIN aus geschliffenem und verg\u00fctetem Chrom-Molybd\u00e4n-Stahl (39NiCrMo3). IN ITALIEN GEFERTIGT<\/p>\n<p>&nbsp;<\/p>\n<p>&#8211; FASTACE FACTORY 2021 Gabeln (verbesserte Laufruhe durch TIN-Behandlung) hydraulische Upside-Down-Vorbauten mit TIN-behandelten Sch\u00e4ften, die sowohl in der Kompression als auch in der Extension voll einstellbar sind. Gr\u00f6\u00dfe 730mm. &#8211; Diese Gabel hat einen Vorbaudurchmesser von 35 mm im Vergleich zu allen anderen Gabeln mit einem Vorbau von 33 mm und verf\u00fcgt \u00fcber eine exzellente Grundeinstellung speziell f\u00fcr Boxenfahrr\u00e4der, die sie dank ihrer Mehrfachverstellung sehr leistungsf\u00e4hig f\u00fcr den Renneinsatz macht. Ist im Moment das beste Produkt auf dem Markt im Qualit\u00e4ts-Preis-Verh\u00e4ltnis.<\/p>\n<p>&nbsp;<\/p>\n<p>&#8211; DNM HORNET RACE EVOLUTION4 2019 (TOP OF THE RANGE) 4 EINSTELLUNGEN Monofederbein hinten voll einstellbar bei hoher und niedriger Geschwindigkeit in Auszug, Kompression und Vorspannung, 348mm, Feder zur Auswahl (800\/1000\/1200 Pfund) je nach Einsatzzweck und je nach Gewicht und Fahrstil des Piloten. DNM-Version HORNET 2020 Weiterentwickelt und verbessert. TOP OF THE RANGE in seiner Kategorie.<\/p>\n<p>&nbsp;<\/p>\n<p>&#8211; FRONT BRAKE SYSTEM Z-BRAKE 2021 (REPLICA CRF450 HONDA) mit Hauptbremszylinder und Doppel-Bremssattel Doppelkolben mit Doppelscheibe 3-Loch. Beste Qualit\u00e4t.<\/p>\n<p>&nbsp;<\/p>\n<p>&#8211; DOPPEL-SCHEIBENBREMSE vorne 220mm Petal superleicht selbstzentrierend 3-Loch.<\/p>\n<p>&nbsp;<\/p>\n<p>&#8211; REPLICA CRF450 Einkolben-Hinterradbremsanlage mit CNC-gefr\u00e4ster Halterung aus Billet-Aluminium.<\/p>\n<p>&nbsp;<\/p>\n<p>&#8211; REPLICA CRF450 Einkolben-Bremsscheibe hinten mit 3 L\u00f6chern 190mm selbstzentrierend.<\/p>\n<p>&nbsp;<\/p>\n<p>&#8211; 28mm PROTAPER Lenker mit variablem Querschnitt aus hochwertigem Aluminium mit geringer Biegung ohne Querstange.<\/p>\n<p>&nbsp;<\/p>\n<p>&#8211; AYRTON XTREMA BIG BOOMERANG PLASTICS mit grafischem Design made in Italy.<\/p>\n<p>&nbsp;<\/p>\n<p>&#8211; STAHLKRONE mit minimalistischem Design zur Reduzierung der Schwebemassen<\/p>\n<p>&nbsp;<\/p>\n<p>&#8211; KMC RACE CHAIN hoher Widerstand 420 Teilung<\/p>\n<p>&nbsp;<\/p>\n<p>&#8211; BRAKE PEDAL aus ultraleichtem CNC-Aluminium<\/p>\n<p>&nbsp;<\/p>\n<p>&#8211; VERSTELLBARE CNC-Aluminium-PEDESTALST\u00dcTZEN. IN ITALIEN GEFERTIGT<\/p>\n<p>&nbsp;<\/p>\n<p>DETAILS UND AUSF\u00dcHRUNGEN<\/p>\n<p>&nbsp;<\/p>\n<p>&#8211; PERFORMANCE STYLE&#8220; LEVERS von H\u00d6CHSTER QUALIT\u00c4T mit eloxierter Oberfl\u00e4che.<\/p>\n<p>&nbsp;<\/p>\n<p>&#8211; CNC-gefr\u00e4ster Aluminium-Tankdeckel<\/p>\n<p>&nbsp;<\/p>\n<p>&#8211; Hochwertiger Sattel, hohe Dichte rei\u00dffest\/antirutsch. Modell EVO. DAS BESTE VOM BESTEN<\/p>\n<p>&nbsp;<\/p>\n<p>&#8211; CNC-Aluminium-Hinterradumlenkhebel mit klappbarer Endkappe.<\/p>\n<p>&nbsp;<\/p>\n<p>&#8211; HOCHWERTIGE ITALIENISCHE SCHRAUBEN.<\/p>\n<p>&nbsp;<\/p>\n<p>FELGEN UND PNEUMATIK IN MOTARD VERSION: &#8211; AYRTON FELGEN &#8211; DM SUPER LIGHT professionelle ultraleichte 3-ROLLEN GOLD 2021 IN ALLOY Aluminium verst\u00e4rkt und geh\u00e4rtet, schlauchlos 5-Speichen Y vorne 2.50&#215;12, hinten 3.00&#215;12, geeignet f\u00fcr beide Systeme BI-DISCO, dass einzelne Scheibe.<\/p>\n<p>&nbsp;<\/p>\n<p>&#8211; REIFEN: MITAS MC35 std 100\/90-12 vorne &#8211; 120\/90 12 hinten<\/p>\n<p>&nbsp;<\/p>\n<p>GRAFIK mit MADE IN ITALY Design. (optional) anpassbar mit Nummer und Name oder komplett anpassbar. Hergestellt in Italien<\/p>\n<p>&nbsp;<\/p>\n<p>Der Preis versteht sich\u00a0exkl. Versand und Montage!<\/p>\n","protected":false},"excerpt":{"rendered":"<p>MOTOR &#8211; MOTOR: GPX ZONGHSHEN 155 cc \u00d6LFILTER 2.0 Version 2020 X9 (LAST EVOLUTIVE SERIE), 4-Takt, 2 Ventile mit \u00d6lk\u00fchlung durch Lamellenk\u00fchler. &#8211; Interner \u00d6lfilter, direkter Zugang zur Kupplung, \u00d6lstandschauglas &#8211; Bohrung und Hub 60&#215;55 &#8211; Verdichtungsverh\u00e4ltnis 9,6:1 &#8211; Vom Hersteller angegebene Leistung 16Cv\/9.500 Umdrehungen &#8211; 4-Gang-Schaltgetriebe (N1234) &#8211; Starten des Motors mit eingelegtem Gang&#8230;.<\/p>\n","protected":false},"featured_media":3182,"template":"","meta":[],"product_brand":[],"product_cat":[16],"product_tag":[],"class_list":{"0":"post-3178","1":"product","2":"type-product","3":"status-publish","4":"has-post-thumbnail","6":"product_cat-uncategorized","8":"first","9":"instock","10":"taxable","11":"shipping-taxable","12":"purchasable","13":"product-type-simple"},"yoast_head":"<!-- This site is optimized with the Yoast SEO plugin v27.4 - https:\/\/yoast.com\/product\/yoast-seo-wordpress\/ -->\n<title>Aytron Xtrema PRO - Pitbike Store<\/title>\n<meta name=\"robots\" content=\"index, follow, max-snippet:-1, max-image-preview:large, max-video-preview:-1\" \/>\n<link rel=\"canonical\" href=\"https:\/\/pitbike-store.at\/?product=aytron-xtrema-pro\" \/>\n<meta property=\"og:locale\" content=\"de_DE\" \/>\n<meta property=\"og:type\" content=\"article\" \/>\n<meta property=\"og:title\" content=\"Aytron Xtrema PRO - Pitbike Store\" \/>\n<meta property=\"og:description\" content=\"MOTOR &#8211; MOTOR: GPX ZONGHSHEN 155 cc \u00d6LFILTER 2.0 Version 2020 X9 (LAST EVOLUTIVE SERIE), 4-Takt, 2 Ventile mit \u00d6lk\u00fchlung durch Lamellenk\u00fchler. &#8211; Interner \u00d6lfilter, direkter Zugang zur Kupplung, \u00d6lstandschauglas &#8211; Bohrung und Hub 60&#215;55 &#8211; Verdichtungsverh\u00e4ltnis 9,6:1 &#8211; Vom Hersteller angegebene Leistung 16Cv\/9.500 Umdrehungen &#8211; 4-Gang-Schaltgetriebe (N1234) &#8211; Starten des Motors mit eingelegtem Gang....\" \/>\n<meta property=\"og:url\" content=\"https:\/\/pitbike-store.at\/?product=aytron-xtrema-pro\" \/>\n<meta property=\"og:site_name\" content=\"Pitbike Store\" \/>\n<meta property=\"article:modified_time\" content=\"2024-04-10T07:39:07+00:00\" \/>\n<meta property=\"og:image\" content=\"https:\/\/pitbike-store.at\/wp-content\/uploads\/2023\/03\/DSC07737-copia-1024x683.jpg\" \/>\n\t<meta property=\"og:image:width\" content=\"1024\" \/>\n\t<meta property=\"og:image:height\" content=\"683\" \/>\n\t<meta property=\"og:image:type\" content=\"image\/jpeg\" \/>\n<meta name=\"twitter:card\" content=\"summary_large_image\" \/>\n<meta name=\"twitter:label1\" content=\"Gesch\u00e4tzte Lesezeit\" \/>\n\t<meta name=\"twitter:data1\" content=\"4\u00a0Minuten\" \/>\n<script type=\"application\/ld+json\" class=\"yoast-schema-graph\">{\"@context\":\"https:\\\/\\\/schema.org\",\"@graph\":[{\"@type\":\"WebPage\",\"@id\":\"https:\\\/\\\/pitbike-store.at\\\/?product=aytron-xtrema-pro\",\"url\":\"https:\\\/\\\/pitbike-store.at\\\/?product=aytron-xtrema-pro\",\"name\":\"Aytron Xtrema PRO - Pitbike Store\",\"isPartOf\":{\"@id\":\"https:\\\/\\\/pitbike-store.at\\\/#website\"},\"primaryImageOfPage\":{\"@id\":\"https:\\\/\\\/pitbike-store.at\\\/?product=aytron-xtrema-pro#primaryimage\"},\"image\":{\"@id\":\"https:\\\/\\\/pitbike-store.at\\\/?product=aytron-xtrema-pro#primaryimage\"},\"thumbnailUrl\":\"https:\\\/\\\/pitbike-store.at\\\/wp-content\\\/uploads\\\/2023\\\/03\\\/DSC07737-copia.jpg\",\"datePublished\":\"2023-03-10T09:31:51+00:00\",\"dateModified\":\"2024-04-10T07:39:07+00:00\",\"breadcrumb\":{\"@id\":\"https:\\\/\\\/pitbike-store.at\\\/?product=aytron-xtrema-pro#breadcrumb\"},\"inLanguage\":\"de\",\"potentialAction\":[{\"@type\":\"ReadAction\",\"target\":[\"https:\\\/\\\/pitbike-store.at\\\/?product=aytron-xtrema-pro\"]}]},{\"@type\":\"ImageObject\",\"inLanguage\":\"de\",\"@id\":\"https:\\\/\\\/pitbike-store.at\\\/?product=aytron-xtrema-pro#primaryimage\",\"url\":\"https:\\\/\\\/pitbike-store.at\\\/wp-content\\\/uploads\\\/2023\\\/03\\\/DSC07737-copia.jpg\",\"contentUrl\":\"https:\\\/\\\/pitbike-store.at\\\/wp-content\\\/uploads\\\/2023\\\/03\\\/DSC07737-copia.jpg\",\"width\":1920,\"height\":1280},{\"@type\":\"BreadcrumbList\",\"@id\":\"https:\\\/\\\/pitbike-store.at\\\/?product=aytron-xtrema-pro#breadcrumb\",\"itemListElement\":[{\"@type\":\"ListItem\",\"position\":1,\"name\":\"Startseite\",\"item\":\"https:\\\/\\\/pitbike-store.at\\\/\"},{\"@type\":\"ListItem\",\"position\":2,\"name\":\"Shop\",\"item\":\"https:\\\/\\\/pitbike-store.at\\\/?page_id=10\"},{\"@type\":\"ListItem\",\"position\":3,\"name\":\"Aytron Xtrema PRO\"}]},{\"@type\":\"WebSite\",\"@id\":\"https:\\\/\\\/pitbike-store.at\\\/#website\",\"url\":\"https:\\\/\\\/pitbike-store.at\\\/\",\"name\":\"Pitbike Store\",\"description\":\"\",\"publisher\":{\"@id\":\"https:\\\/\\\/pitbike-store.at\\\/#organization\"},\"potentialAction\":[{\"@type\":\"SearchAction\",\"target\":{\"@type\":\"EntryPoint\",\"urlTemplate\":\"https:\\\/\\\/pitbike-store.at\\\/?s={search_term_string}\"},\"query-input\":{\"@type\":\"PropertyValueSpecification\",\"valueRequired\":true,\"valueName\":\"search_term_string\"}}],\"inLanguage\":\"de\"},{\"@type\":\"Organization\",\"@id\":\"https:\\\/\\\/pitbike-store.at\\\/#organization\",\"name\":\"Pitbike Store\",\"url\":\"https:\\\/\\\/pitbike-store.at\\\/\",\"logo\":{\"@type\":\"ImageObject\",\"inLanguage\":\"de\",\"@id\":\"https:\\\/\\\/pitbike-store.at\\\/#\\\/schema\\\/logo\\\/image\\\/\",\"url\":\"https:\\\/\\\/pitbike-store.at\\\/wp-content\\\/uploads\\\/2023\\\/02\\\/image-2.png\",\"contentUrl\":\"https:\\\/\\\/pitbike-store.at\\\/wp-content\\\/uploads\\\/2023\\\/02\\\/image-2.png\",\"width\":591,\"height\":205,\"caption\":\"Pitbike Store\"},\"image\":{\"@id\":\"https:\\\/\\\/pitbike-store.at\\\/#\\\/schema\\\/logo\\\/image\\\/\"}}]}<\/script>\n<!-- \/ Yoast SEO plugin. -->","yoast_head_json":{"title":"Aytron Xtrema PRO - Pitbike Store","robots":{"index":"index","follow":"follow","max-snippet":"max-snippet:-1","max-image-preview":"max-image-preview:large","max-video-preview":"max-video-preview:-1"},"canonical":"https:\/\/pitbike-store.at\/?product=aytron-xtrema-pro","og_locale":"de_DE","og_type":"article","og_title":"Aytron Xtrema PRO - Pitbike Store","og_description":"MOTOR &#8211; MOTOR: GPX ZONGHSHEN 155 cc \u00d6LFILTER 2.0 Version 2020 X9 (LAST EVOLUTIVE SERIE), 4-Takt, 2 Ventile mit \u00d6lk\u00fchlung durch Lamellenk\u00fchler. &#8211; Interner \u00d6lfilter, direkter Zugang zur Kupplung, \u00d6lstandschauglas &#8211; Bohrung und Hub 60&#215;55 &#8211; Verdichtungsverh\u00e4ltnis 9,6:1 &#8211; Vom Hersteller angegebene Leistung 16Cv\/9.500 Umdrehungen &#8211; 4-Gang-Schaltgetriebe (N1234) &#8211; Starten des Motors mit eingelegtem Gang....","og_url":"https:\/\/pitbike-store.at\/?product=aytron-xtrema-pro","og_site_name":"Pitbike Store","article_modified_time":"2024-04-10T07:39:07+00:00","og_image":[{"width":1024,"height":683,"url":"https:\/\/pitbike-store.at\/wp-content\/uploads\/2023\/03\/DSC07737-copia-1024x683.jpg","type":"image\/jpeg"}],"twitter_card":"summary_large_image","twitter_misc":{"Gesch\u00e4tzte Lesezeit":"4\u00a0Minuten"},"schema":{"@context":"https:\/\/schema.org","@graph":[{"@type":"WebPage","@id":"https:\/\/pitbike-store.at\/?product=aytron-xtrema-pro","url":"https:\/\/pitbike-store.at\/?product=aytron-xtrema-pro","name":"Aytron Xtrema PRO - Pitbike Store","isPartOf":{"@id":"https:\/\/pitbike-store.at\/#website"},"primaryImageOfPage":{"@id":"https:\/\/pitbike-store.at\/?product=aytron-xtrema-pro#primaryimage"},"image":{"@id":"https:\/\/pitbike-store.at\/?product=aytron-xtrema-pro#primaryimage"},"thumbnailUrl":"https:\/\/pitbike-store.at\/wp-content\/uploads\/2023\/03\/DSC07737-copia.jpg","datePublished":"2023-03-10T09:31:51+00:00","dateModified":"2024-04-10T07:39:07+00:00","breadcrumb":{"@id":"https:\/\/pitbike-store.at\/?product=aytron-xtrema-pro#breadcrumb"},"inLanguage":"de","potentialAction":[{"@type":"ReadAction","target":["https:\/\/pitbike-store.at\/?product=aytron-xtrema-pro"]}]},{"@type":"ImageObject","inLanguage":"de","@id":"https:\/\/pitbike-store.at\/?product=aytron-xtrema-pro#primaryimage","url":"https:\/\/pitbike-store.at\/wp-content\/uploads\/2023\/03\/DSC07737-copia.jpg","contentUrl":"https:\/\/pitbike-store.at\/wp-content\/uploads\/2023\/03\/DSC07737-copia.jpg","width":1920,"height":1280},{"@type":"BreadcrumbList","@id":"https:\/\/pitbike-store.at\/?product=aytron-xtrema-pro#breadcrumb","itemListElement":[{"@type":"ListItem","position":1,"name":"Startseite","item":"https:\/\/pitbike-store.at\/"},{"@type":"ListItem","position":2,"name":"Shop","item":"https:\/\/pitbike-store.at\/?page_id=10"},{"@type":"ListItem","position":3,"name":"Aytron Xtrema PRO"}]},{"@type":"WebSite","@id":"https:\/\/pitbike-store.at\/#website","url":"https:\/\/pitbike-store.at\/","name":"Pitbike Store","description":"","publisher":{"@id":"https:\/\/pitbike-store.at\/#organization"},"potentialAction":[{"@type":"SearchAction","target":{"@type":"EntryPoint","urlTemplate":"https:\/\/pitbike-store.at\/?s={search_term_string}"},"query-input":{"@type":"PropertyValueSpecification","valueRequired":true,"valueName":"search_term_string"}}],"inLanguage":"de"},{"@type":"Organization","@id":"https:\/\/pitbike-store.at\/#organization","name":"Pitbike Store","url":"https:\/\/pitbike-store.at\/","logo":{"@type":"ImageObject","inLanguage":"de","@id":"https:\/\/pitbike-store.at\/#\/schema\/logo\/image\/","url":"https:\/\/pitbike-store.at\/wp-content\/uploads\/2023\/02\/image-2.png","contentUrl":"https:\/\/pitbike-store.at\/wp-content\/uploads\/2023\/02\/image-2.png","width":591,"height":205,"caption":"Pitbike Store"},"image":{"@id":"https:\/\/pitbike-store.at\/#\/schema\/logo\/image\/"}}]}},"_links":{"self":[{"href":"https:\/\/pitbike-store.at\/index.php?rest_route=\/wp\/v2\/product\/3178","targetHints":{"allow":["GET"]}}],"collection":[{"href":"https:\/\/pitbike-store.at\/index.php?rest_route=\/wp\/v2\/product"}],"about":[{"href":"https:\/\/pitbike-store.at\/index.php?rest_route=\/wp\/v2\/types\/product"}],"wp:featuredmedia":[{"embeddable":true,"href":"https:\/\/pitbike-store.at\/index.php?rest_route=\/wp\/v2\/media\/3182"}],"wp:attachment":[{"href":"https:\/\/pitbike-store.at\/index.php?rest_route=%2Fwp%2Fv2%2Fmedia&parent=3178"}],"wp:term":[{"taxonomy":"product_brand","embeddable":true,"href":"https:\/\/pitbike-store.at\/index.php?rest_route=%2Fwp%2Fv2%2Fproduct_brand&post=3178"},{"taxonomy":"product_cat","embeddable":true,"href":"https:\/\/pitbike-store.at\/index.php?rest_route=%2Fwp%2Fv2%2Fproduct_cat&post=3178"},{"taxonomy":"product_tag","embeddable":true,"href":"https:\/\/pitbike-store.at\/index.php?rest_route=%2Fwp%2Fv2%2Fproduct_tag&post=3178"}],"curies":[{"name":"wp","href":"https:\/\/api.w.org\/{rel}","templated":true}]}}